{"id":4494,"date":"2025-08-29T11:20:03","date_gmt":"2025-08-29T11:20:03","guid":{"rendered":"https:\/\/www.loccasioncafe.com\/panier\/"},"modified":"2025-10-13T11:17:26","modified_gmt":"2025-10-13T11:17:26","slug":"panier","status":"publish","type":"page","link":"https:\/\/www.loccasioncafe.com\/?page_id=4494&lang=fr","title":{"rendered":"Panier"},"content":{"rendered":"\n<div data-block-name=\"woocommerce\/cart\" class=\"wp-block-woocommerce-cart alignwide is-loading\">\n<div data-block-name=\"woocommerce\/filled-cart-block\" class=\"wp-block-woocommerce-filled-cart-block\">\n<div data-block-name=\"woocommerce\/cart-items-block\" class=\"wp-block-woocommerce-cart-items-block\">\n<div data-block-name=\"woocommerce\/cart-line-items-block\" class=\"wp-block-woocommerce-cart-line-items-block\"><\/div>\n\n\n\n<div data-block-name=\"woocommerce\/cart-cross-sells-block\" class=\"wp-block-woocommerce-cart-cross-sells-block\">\n<h2 class=\"wp-block-heading has-large-font-size\">\u00c7a peut vous int\u00e9resser&#8230;<\/h2>\n\n\n\n<div data-block-name=\"woocommerce\/cart-cross-sells-products-block\" class=\"wp-block-woocommerce-cart-cross-sells-products-block\"><\/div>\n<\/div>\n<\/div>\n\n\n\n<div data-block-name=\"woocommerce\/cart-totals-block\" class=\"wp-block-woocommerce-cart-totals-block\">\n<div data-block-name=\"woocommerce\/cart-order-summary-block\" class=\"wp-block-woocommerce-cart-order-summary-block\">\n<div data-block-name=\"woocommerce\/cart-order-summary-heading-block\" data-content=\"Total panier\" class=\"wp-block-woocommerce-cart-order-summary-heading-block\"><\/div>\n\n\n\n<div data-block-name=\"woocommerce\/cart-order-summary-coupon-form-block\" class=\"wp-block-woocommerce-cart-order-summary-coupon-form-block\"><\/div>\n\n\n\n<div data-block-name=\"woocommerce\/cart-order-summary-totals-block\" class=\"wp-block-woocommerce-cart-order-summary-totals-block\">\n<div data-block-name=\"woocommerce\/cart-order-summary-subtotal-block\" class=\"wp-block-woocommerce-cart-order-summary-subtotal-block\"><\/div>\n\n\n\n<div data-block-name=\"woocommerce\/cart-order-summary-fee-block\" class=\"wp-block-woocommerce-cart-order-summary-fee-block\"><\/div>\n\n\n\n<div data-block-name=\"woocommerce\/cart-order-summary-discount-block\" class=\"wp-block-woocommerce-cart-order-summary-discount-block\"><\/div>\n\n\n\n<div data-block-name=\"woocommerce\/cart-order-summary-shipping-block\" class=\"wp-block-woocommerce-cart-order-summary-shipping-block\"><\/div>\n\n\n\n<div data-block-name=\"woocommerce\/cart-order-summary-taxes-block\" class=\"wp-block-woocommerce-cart-order-summary-taxes-block\"><\/div>\n<\/div>\n<\/div>\n\n\n<div data-lock=\"{&quot;remove&quot;:true}\" data-ppcp-id=\"ppcp-dbba1185-140f-487a-ae63-cc7d043a6338\" data-block-name=\"woocommerce-paypal-payments\/cart-paylater-messages\" data-pp-placement=\"cart\" data-pp-style-layout=\"text\" data-pp-style-logo-position=\"left\" data-pp-style-logo-type=\"inline\" data-pp-style-text-color=\"black\" data-pp-style-text-size=\"12\" id=\"ppcp-dbba1185-140f-487a-ae63-cc7d043a6338\" class=\"ppcp-messages\" data-partner-attribution-id=\"Woo_PPCP\"><\/div>\n\n\n<div data-block-name=\"woocommerce\/cart-express-payment-block\" class=\"wp-block-woocommerce-cart-express-payment-block\"><\/div>\n\n\n\n<div data-block-name=\"woocommerce\/proceed-to-checkout-block\" class=\"wp-block-woocommerce-proceed-to-checkout-block\"><\/div>\n\n\n\n<div data-block-name=\"woocommerce\/cart-accepted-payment-methods-block\" class=\"wp-block-woocommerce-cart-accepted-payment-methods-block\"><\/div>\n<\/div>\n<\/div>\n\n\n\n<div data-block-name=\"woocommerce\/empty-cart-block\" class=\"wp-block-woocommerce-empty-cart-block\">\n<h2 class=\"wp-block-heading has-text-align-center with-empty-cart-icon wc-block-cart__empty-cart__title\">Votre panier est actuellement vide&nbsp;!<\/h2>\n\n\n\n<hr class=\"wp-block-separator has-alpha-channel-opacity is-style-dots\"\/>\n\n\n\n<h2 class=\"wp-block-heading has-text-align-center\">Nouveau dans la boutique<\/h2>\n\n\n<div data-block-name=\"woocommerce\/product-new\" data-columns=\"4\" data-rows=\"1\" class=\"wc-block-grid wp-block-product-new wp-block-woocommerce-product-new wc-block-product-new has-4-columns\"><ul class=\"wc-block-grid__products\"><li class=\"wc-block-grid__product\">\n\t\t\t\t<a href=\"https:\/\/www.loccasioncafe.com\/?product=initiation-a-la-degustation-jeudi-28-mai-19h30\" class=\"wc-block-grid__product-link\">\n\t\t\t\t\t\n\t\t\t\t\t<div class=\"wc-block-grid__product-image\"><img fetchpriority=\"high\" decoding=\"async\" width=\"300\" height=\"300\" src=\"https:\/\/www.loccasioncafe.com\/wp-content\/uploads\/2025\/10\/Copie-de-events-du-mois-4-300x300.png\" class=\"attachment-woocommerce_thumbnail size-woocommerce_thumbnail\" alt=\"Initiation \u00e0 la d\u00e9gustation - Jeudi 28 mai - 19h30\" srcset=\"https:\/\/www.loccasioncafe.com\/wp-content\/uploads\/2025\/10\/Copie-de-events-du-mois-4-300x300.png 300w, https:\/\/www.loccasioncafe.com\/wp-content\/uploads\/2025\/10\/Copie-de-events-du-mois-4-150x150.png 150w, https:\/\/www.loccasioncafe.com\/wp-content\/uploads\/2025\/10\/Copie-de-events-du-mois-4-100x100.png 100w\" sizes=\"(max-width: 300px) 100vw, 300px\" \/><\/div>\n\t\t\t\t\t<div class=\"wc-block-grid__product-title\">Initiation \u00e0 la d\u00e9gustation &#8211; Jeudi 28 mai &#8211; 19h30<\/div>\n\t\t\t\t<\/a>\n\t\t\t\t<div class=\"wc-block-grid__product-price price\"><span class=\"woocommerce-Price-amount amount\">20,00&nbsp;<span class=\"woocommerce-Price-currencySymbol\">&euro;<\/span><\/span><\/div>\n\t\t\t\t\n\t\t\t\t<div class=\"wp-block-button wc-block-grid__product-add-to-cart\"><a href=\"\/index.php?rest_route=%2Fwp%2Fv2%2Fpages%2F4494&#038;add-to-cart=4931\" aria-label=\"Ajouter au panier\u00a0: &ldquo;Initiation \u00e0 la d\u00e9gustation - Jeudi 28 mai - 19h30&rdquo;\" data-quantity=\"1\" data-product_id=\"4931\" data-product_sku=\"\" data-price=\"20\" rel=\"nofollow\" class=\"wp-block-button__link  add_to_cart_button ajax_add_to_cart\">Ajouter au panier<\/a><\/div>\n\t\t\t<\/li><li class=\"wc-block-grid__product\">\n\t\t\t\t<a href=\"https:\/\/www.loccasioncafe.com\/?product=cafe-sexologie-mardi-12-mai-18h30-20h\" class=\"wc-block-grid__product-link\">\n\t\t\t\t\t\n\t\t\t\t\t<div class=\"wc-block-grid__product-image\"><img decoding=\"async\" width=\"300\" height=\"300\" src=\"https:\/\/www.loccasioncafe.com\/wp-content\/uploads\/2026\/04\/AdobeStock_1739240112-300x300.jpeg\" class=\"attachment-woocommerce_thumbnail size-woocommerce_thumbnail\" alt=\"Caf\u00e9 sexologie - Mardi 12 mai - 18h30-20h\" srcset=\"https:\/\/www.loccasioncafe.com\/wp-content\/uploads\/2026\/04\/AdobeStock_1739240112-300x300.jpeg 300w, https:\/\/www.loccasioncafe.com\/wp-content\/uploads\/2026\/04\/AdobeStock_1739240112-150x150.jpeg 150w, https:\/\/www.loccasioncafe.com\/wp-content\/uploads\/2026\/04\/AdobeStock_1739240112-100x100.jpeg 100w\" sizes=\"(max-width: 300px) 100vw, 300px\" \/><\/div>\n\t\t\t\t\t<div class=\"wc-block-grid__product-title\">Caf\u00e9 sexologie &#8211; Mardi 12 mai &#8211; 18h30-20h<\/div>\n\t\t\t\t<\/a>\n\t\t\t\t<div class=\"wc-block-grid__product-price price\"><span class=\"woocommerce-Price-amount amount\">10,00&nbsp;<span class=\"woocommerce-Price-currencySymbol\">&euro;<\/span><\/span><\/div>\n\t\t\t\t\n\t\t\t\t<div class=\"wp-block-button wc-block-grid__product-add-to-cart\"><a href=\"\/index.php?rest_route=%2Fwp%2Fv2%2Fpages%2F4494&#038;add-to-cart=4928\" aria-label=\"Ajouter au panier\u00a0: &ldquo;Caf\u00e9 sexologie - Mardi 12 mai - 18h30-20h&rdquo;\" data-quantity=\"1\" data-product_id=\"4928\" data-product_sku=\"\" data-price=\"10\" rel=\"nofollow\" class=\"wp-block-button__link  add_to_cart_button ajax_add_to_cart\">Ajouter au panier<\/a><\/div>\n\t\t\t<\/li><\/ul><\/div><\/div>\n<\/div>\n","protected":false},"excerpt":{"rendered":"","protected":false},"author":1,"featured_media":0,"parent":0,"menu_order":0,"comment_status":"closed","ping_status":"closed","template":"","meta":{"inline_featured_image":false,"footnotes":""},"class_list":["post-4494","page","type-page","status-publish","hentry"],"yoast_head":"<!-- This site is optimized with the Yoast SEO plugin v27.5 - https:\/\/yoast.com\/product\/yoast-seo-wordpress\/ -->\n<title>Panier - L&#039;Occasion Caf\u00e9<\/title>\n<meta name=\"robots\" content=\"index, follow, max-snippet:-1, max-image-preview:large, max-video-preview:-1\" \/>\n<link rel=\"canonical\" href=\"https:\/\/www.loccasioncafe.com\/?page_id=4494&lang=fr\" \/>\n<meta property=\"og:locale\" content=\"fr_FR\" \/>\n<meta property=\"og:type\" content=\"article\" \/>\n<meta property=\"og:title\" content=\"Panier - L&#039;Occasion Caf\u00e9\" \/>\n<meta property=\"og:url\" content=\"https:\/\/www.loccasioncafe.com\/?page_id=4494&amp;lang=fr\" \/>\n<meta property=\"og:site_name\" content=\"L&#039;Occasion Caf\u00e9\" \/>\n<meta property=\"article:modified_time\" content=\"2025-10-13T11:17:26+00:00\" \/>\n<meta name=\"twitter:card\" content=\"summary_large_image\" \/>\n<meta name=\"twitter:label1\" content=\"Dur\u00e9e de lecture estim\u00e9e\" \/>\n\t<meta name=\"twitter:data1\" content=\"1 minute\" \/>\n<script type=\"application\/ld+json\" class=\"yoast-schema-graph\">{\"@context\":\"https:\\\/\\\/schema.org\",\"@graph\":[{\"@type\":\"WebPage\",\"@id\":\"https:\\\/\\\/www.loccasioncafe.com\\\/?page_id=4494&lang=fr\",\"url\":\"https:\\\/\\\/www.loccasioncafe.com\\\/?page_id=4494&lang=fr\",\"name\":\"Panier - L&#039;Occasion Caf\u00e9\",\"isPartOf\":{\"@id\":\"https:\\\/\\\/www.loccasioncafe.com\\\/#website\"},\"datePublished\":\"2025-08-29T11:20:03+00:00\",\"dateModified\":\"2025-10-13T11:17:26+00:00\",\"breadcrumb\":{\"@id\":\"https:\\\/\\\/www.loccasioncafe.com\\\/?page_id=4494&lang=fr#breadcrumb\"},\"inLanguage\":\"fr-FR\",\"potentialAction\":[{\"@type\":\"ReadAction\",\"target\":[\"https:\\\/\\\/www.loccasioncafe.com\\\/?page_id=4494&lang=fr\"]}]},{\"@type\":\"BreadcrumbList\",\"@id\":\"https:\\\/\\\/www.loccasioncafe.com\\\/?page_id=4494&lang=fr#breadcrumb\",\"itemListElement\":[{\"@type\":\"ListItem\",\"position\":1,\"name\":\"Accueil\",\"item\":\"https:\\\/\\\/www.loccasioncafe.com\\\/?page_id=797&lang=fr\"},{\"@type\":\"ListItem\",\"position\":2,\"name\":\"Panier\"}]},{\"@type\":\"WebSite\",\"@id\":\"https:\\\/\\\/www.loccasioncafe.com\\\/#website\",\"url\":\"https:\\\/\\\/www.loccasioncafe.com\\\/\",\"name\":\"L&#039;Occasion Caf\u00e9\",\"description\":\"Coffee Shop et Bar \u00e0 Vins \u00e0 Reims\",\"publisher\":{\"@id\":\"https:\\\/\\\/www.loccasioncafe.com\\\/#organization\"},\"potentialAction\":[{\"@type\":\"SearchAction\",\"target\":{\"@type\":\"EntryPoint\",\"urlTemplate\":\"https:\\\/\\\/www.loccasioncafe.com\\\/?s={search_term_string}\"},\"query-input\":{\"@type\":\"PropertyValueSpecification\",\"valueRequired\":true,\"valueName\":\"search_term_string\"}}],\"inLanguage\":\"fr-FR\"},{\"@type\":\"Organization\",\"@id\":\"https:\\\/\\\/www.loccasioncafe.com\\\/#organization\",\"name\":\"L&#039;Occasion Caf\u00e9\",\"url\":\"https:\\\/\\\/www.loccasioncafe.com\\\/\",\"logo\":{\"@type\":\"ImageObject\",\"inLanguage\":\"fr-FR\",\"@id\":\"https:\\\/\\\/www.loccasioncafe.com\\\/#\\\/schema\\\/logo\\\/image\\\/\",\"url\":\"https:\\\/\\\/www.loccasioncafe.com\\\/wp-content\\\/uploads\\\/2022\\\/03\\\/logo-loccasion.png\",\"contentUrl\":\"https:\\\/\\\/www.loccasioncafe.com\\\/wp-content\\\/uploads\\\/2022\\\/03\\\/logo-loccasion.png\",\"width\":1562,\"height\":1327,\"caption\":\"L&#039;Occasion Caf\u00e9\"},\"image\":{\"@id\":\"https:\\\/\\\/www.loccasioncafe.com\\\/#\\\/schema\\\/logo\\\/image\\\/\"}}]}<\/script>\n<!-- \/ Yoast SEO plugin. -->","yoast_head_json":{"title":"Panier - L&#039;Occasion Caf\u00e9","robots":{"index":"index","follow":"follow","max-snippet":"max-snippet:-1","max-image-preview":"max-image-preview:large","max-video-preview":"max-video-preview:-1"},"canonical":"https:\/\/www.loccasioncafe.com\/?page_id=4494&lang=fr","og_locale":"fr_FR","og_type":"article","og_title":"Panier - L&#039;Occasion Caf\u00e9","og_url":"https:\/\/www.loccasioncafe.com\/?page_id=4494&lang=fr","og_site_name":"L&#039;Occasion Caf\u00e9","article_modified_time":"2025-10-13T11:17:26+00:00","twitter_card":"summary_large_image","twitter_misc":{"Dur\u00e9e de lecture estim\u00e9e":"1 minute"},"schema":{"@context":"https:\/\/schema.org","@graph":[{"@type":"WebPage","@id":"https:\/\/www.loccasioncafe.com\/?page_id=4494&lang=fr","url":"https:\/\/www.loccasioncafe.com\/?page_id=4494&lang=fr","name":"Panier - L&#039;Occasion Caf\u00e9","isPartOf":{"@id":"https:\/\/www.loccasioncafe.com\/#website"},"datePublished":"2025-08-29T11:20:03+00:00","dateModified":"2025-10-13T11:17:26+00:00","breadcrumb":{"@id":"https:\/\/www.loccasioncafe.com\/?page_id=4494&lang=fr#breadcrumb"},"inLanguage":"fr-FR","potentialAction":[{"@type":"ReadAction","target":["https:\/\/www.loccasioncafe.com\/?page_id=4494&lang=fr"]}]},{"@type":"BreadcrumbList","@id":"https:\/\/www.loccasioncafe.com\/?page_id=4494&lang=fr#breadcrumb","itemListElement":[{"@type":"ListItem","position":1,"name":"Accueil","item":"https:\/\/www.loccasioncafe.com\/?page_id=797&lang=fr"},{"@type":"ListItem","position":2,"name":"Panier"}]},{"@type":"WebSite","@id":"https:\/\/www.loccasioncafe.com\/#website","url":"https:\/\/www.loccasioncafe.com\/","name":"L&#039;Occasion Caf\u00e9","description":"Coffee Shop et Bar \u00e0 Vins \u00e0 Reims","publisher":{"@id":"https:\/\/www.loccasioncafe.com\/#organization"},"potentialAction":[{"@type":"SearchAction","target":{"@type":"EntryPoint","urlTemplate":"https:\/\/www.loccasioncafe.com\/?s={search_term_string}"},"query-input":{"@type":"PropertyValueSpecification","valueRequired":true,"valueName":"search_term_string"}}],"inLanguage":"fr-FR"},{"@type":"Organization","@id":"https:\/\/www.loccasioncafe.com\/#organization","name":"L&#039;Occasion Caf\u00e9","url":"https:\/\/www.loccasioncafe.com\/","logo":{"@type":"ImageObject","inLanguage":"fr-FR","@id":"https:\/\/www.loccasioncafe.com\/#\/schema\/logo\/image\/","url":"https:\/\/www.loccasioncafe.com\/wp-content\/uploads\/2022\/03\/logo-loccasion.png","contentUrl":"https:\/\/www.loccasioncafe.com\/wp-content\/uploads\/2022\/03\/logo-loccasion.png","width":1562,"height":1327,"caption":"L&#039;Occasion Caf\u00e9"},"image":{"@id":"https:\/\/www.loccasioncafe.com\/#\/schema\/logo\/image\/"}}]}},"jetpack_sharing_enabled":true,"_links":{"self":[{"href":"https:\/\/www.loccasioncafe.com\/index.php?rest_route=\/wp\/v2\/pages\/4494","targetHints":{"allow":["GET"]}}],"collection":[{"href":"https:\/\/www.loccasioncafe.com\/index.php?rest_route=\/wp\/v2\/pages"}],"about":[{"href":"https:\/\/www.loccasioncafe.com\/index.php?rest_route=\/wp\/v2\/types\/page"}],"author":[{"embeddable":true,"href":"https:\/\/www.loccasioncafe.com\/index.php?rest_route=\/wp\/v2\/users\/1"}],"replies":[{"embeddable":true,"href":"https:\/\/www.loccasioncafe.com\/index.php?rest_route=%2Fwp%2Fv2%2Fcomments&post=4494"}],"version-history":[{"count":2,"href":"https:\/\/www.loccasioncafe.com\/index.php?rest_route=\/wp\/v2\/pages\/4494\/revisions"}],"predecessor-version":[{"id":4710,"href":"https:\/\/www.loccasioncafe.com\/index.php?rest_route=\/wp\/v2\/pages\/4494\/revisions\/4710"}],"wp:attachment":[{"href":"https:\/\/www.loccasioncafe.com\/index.php?rest_route=%2Fwp%2Fv2%2Fmedia&parent=4494"}],"curies":[{"name":"wp","href":"https:\/\/api.w.org\/{rel}","templated":true}]}}