{"id":4936,"date":"2026-05-07T08:25:14","date_gmt":"2026-05-07T08:25:14","guid":{"rendered":"https:\/\/www.loccasioncafe.com\/?post_type=product&#038;p=4936"},"modified":"2026-05-07T11:08:28","modified_gmt":"2026-05-07T11:08:28","slug":"atelier-peinture-sur-ceramique-brunch-dimanche-31-mai-10h30","status":"publish","type":"product","link":"https:\/\/www.loccasioncafe.com\/?product=atelier-peinture-sur-ceramique-brunch-dimanche-31-mai-10h30","title":{"rendered":"Atelier peinture sur c\u00e9ramique &#038; Brunch &#8211; Dimanche 31 mai  &#8211; 10h30"},"content":{"rendered":"<p data-start=\"0\" data-end=\"90\">Offrez (ou offrez-vous) un moment cr\u00e9atif et gourmand pour c\u00e9l\u00e9brer la f\u00eate des m\u00e8res !<\/p>\n<p data-start=\"92\" data-end=\"134\">\ud83d\udcc5 Dimanche 31 mai 2026<br data-start=\"115\" data-end=\"118\" \/>\ud83d\udd65 D\u00e9but \u00e0 10h30<\/p>\n<p data-start=\"136\" data-end=\"160\">Deux options au choix :<\/p>\n<p data-start=\"162\" data-end=\"230\"><strong data-start=\"162\" data-end=\"175\">Cr\u00e9neau 1<\/strong><br data-start=\"175\" data-end=\"178\" \/>\ud83e\udd50 Brunch (1h)<br data-start=\"192\" data-end=\"195\" \/>\u2b07\ufe0f<br data-start=\"197\" data-end=\"200\" \/>\ud83c\udfa8 Peinture sur c\u00e9ramique (2h)<\/p>\n<p data-start=\"232\" data-end=\"300\"><strong data-start=\"232\" data-end=\"245\">Cr\u00e9neau 2<\/strong><br data-start=\"245\" data-end=\"248\" \/>\ud83c\udfa8 Peinture sur c\u00e9ramique (2h)<br data-start=\"278\" data-end=\"281\" \/>\u2b07\ufe0f<br data-start=\"283\" data-end=\"286\" \/>\ud83e\udd50 Brunch (1h)<\/p>\n<p data-start=\"302\" data-end=\"379\"><strong>R\u00e9servation en ligne : 28\u20ac par personne<\/strong><br data-start=\"344\" data-end=\"347\" \/><strong>Ce montant correspond au brunch.<\/strong><\/p>\n<section class=\"text-token-text-primary w-full focus:outline-none [--shadow-height:45px] has-data-writing-block:pointer-events-none has-data-writing-block:-mt-(--shadow-height) has-data-writing-block:pt-(--shadow-height) [&amp;:has([data-writing-block])&gt;*]:pointer-events-auto [content-visibility:auto] supports-[content-visibility:auto]:[contain-intrinsic-size:auto_100lvh] R6Vx5W_threadScrollVars scroll-mb-[calc(var(--scroll-root-safe-area-inset-bottom,0px)+var(--thread-response-height))] scroll-mt-[calc(var(--header-height)+min(200px,max(70px,20svh)))]\" dir=\"auto\" data-turn-id=\"request-WEB:c86b097b-cfac-4b45-9cbd-00dc73b5b239-0\" data-testid=\"conversation-turn-2\" data-scroll-anchor=\"false\" data-turn=\"assistant\">\n<div class=\"text-base my-auto mx-auto pb-10 [--thread-content-margin:var(--thread-content-margin-xs,calc(var(--spacing)*4))] @w-sm\/main:[--thread-content-margin:var(--thread-content-margin-sm,calc(var(--spacing)*6))] @w-lg\/main:[--thread-content-margin:var(--thread-content-margin-lg,calc(var(--spacing)*16))] px-(--thread-content-margin)\">\n<div class=\"[--thread-content-max-width:40rem] @w-lg\/main:[--thread-content-max-width:48rem] mx-auto max-w-(--thread-content-max-width) flex-1 group\/turn-messages focus-visible:outline-hidden relative flex w-full min-w-0 flex-col agent-turn\">\n<div class=\"flex max-w-full flex-col gap-4 grow\">\n<div class=\"min-h-8 text-message relative flex w-full flex-col items-end gap-2 text-start break-words whitespace-normal outline-none keyboard-focused:focus-ring [.text-message+&amp;]:mt-1\" dir=\"auto\" tabindex=\"0\" data-message-author-role=\"assistant\" data-message-id=\"79ed922c-7fdf-4032-a4b7-35346c06f681\" data-message-model-slug=\"gpt-5-5\" data-turn-start-message=\"true\">\n<div class=\"flex w-full flex-col gap-1 empty:hidden\">\n<div class=\"markdown prose dark:prose-invert wrap-break-word w-full light markdown-new-styling\">\n<p data-start=\"0\" data-end=\"173\"><strong>La pi\u00e8ce de c\u00e9ramique doit \u00eatre s\u00e9lectionn\u00e9e lors de la r\u00e9servation, par message adress\u00e9 \u00e0 l\u2019atelier du potier. Le r\u00e8glement s\u2019effectuera sur place, selon le mod\u00e8le choisi :<\/strong><\/p>\n<p data-start=\"175\" data-end=\"211\" data-is-last-node=\"\" data-is-only-node=\"\"><strong>\u2022 Taille S<\/strong><br data-start=\"185\" data-end=\"188\" \/><strong>\u2022 Taille M<\/strong><br data-start=\"198\" data-end=\"201\" \/><strong>\u2022 Taille L<\/strong><\/p>\n<\/div>\n<\/div>\n<\/div>\n<\/div>\n<\/div>\n<\/div>\n<\/section>\n<p data-start=\"507\" data-end=\"575\"><strong>\u2795 Un suppl\u00e9ment sera donc \u00e0 pr\u00e9voir en fonction de la pi\u00e8ce choisie.<\/strong><\/p>\n<p data-start=\"577\" data-end=\"595\" data-is-last-node=\"\" data-is-only-node=\"\">\u26a0\ufe0f Places limit\u00e9es<\/p>\n","protected":false},"excerpt":{"rendered":"<p data-start=\"92\" data-end=\"134\">\ud83d\udcc5 Dimanche 31 mai 2026<br data-start=\"115\" data-end=\"118\" \/>\ud83d\udd65 D\u00e9but \u00e0 10h30<\/p>\n<p data-start=\"232\" data-end=\"300\">Venez partager un moment en famille, entre cr\u00e9ativit\u00e9 et gourmandise !<\/p>\n","protected":false},"featured_media":4939,"comment_status":"closed","ping_status":"closed","template":"","meta":{"inline_featured_image":false},"product_brand":[],"product_cat":[98],"product_tag":[],"class_list":{"0":"post-4936","1":"product","2":"type-product","3":"status-publish","4":"has-post-thumbnail","6":"product_cat-non-classe","8":"first","9":"instock","10":"purchasable","11":"product-type-simple"},"yoast_head":"<!-- This site is optimized with the Yoast SEO plugin v27.6 - https:\/\/yoast.com\/product\/yoast-seo-wordpress\/ -->\n<title>Atelier peinture sur c\u00e9ramique &amp; Brunch - Dimanche 31 mai - 10h30 - L&#039;Occasion Caf\u00e9<\/title>\n<meta name=\"description\" content=\"Offrez (ou offrez-vous) un moment cr\u00e9atif et gourmand pour c\u00e9l\u00e9brer la f\u00eate des m\u00e8res !\" \/>\n<meta name=\"robots\" content=\"index, follow, max-snippet:-1, max-image-preview:large, max-video-preview:-1\" \/>\n<link rel=\"canonical\" href=\"https:\/\/www.loccasioncafe.com\/?product=atelier-peinture-sur-ceramique-brunch-dimanche-31-mai-10h30\" \/>\n<meta property=\"og:locale\" content=\"fr_FR\" \/>\n<meta property=\"og:type\" content=\"article\" \/>\n<meta property=\"og:title\" content=\"Atelier peinture sur c\u00e9ramique &amp; Brunch - Dimanche 31 mai - 10h30 - L&#039;Occasion Caf\u00e9\" \/>\n<meta property=\"og:description\" content=\"Offrez (ou offrez-vous) un moment cr\u00e9atif et gourmand pour c\u00e9l\u00e9brer la f\u00eate des m\u00e8res !\" \/>\n<meta property=\"og:url\" content=\"https:\/\/www.loccasioncafe.com\/?product=atelier-peinture-sur-ceramique-brunch-dimanche-31-mai-10h30\" \/>\n<meta property=\"og:site_name\" content=\"L&#039;Occasion Caf\u00e9\" \/>\n<meta property=\"article:modified_time\" content=\"2026-05-07T11:08:28+00:00\" \/>\n<meta property=\"og:image\" content=\"https:\/\/www.loccasioncafe.com\/wp-content\/uploads\/2026\/05\/CF0B3B96-AC09-4727-A21A-3F6DF4335CA2.jpg\" \/>\n\t<meta property=\"og:image:width\" content=\"1023\" \/>\n\t<meta property=\"og:image:height\" content=\"1537\" \/>\n\t<meta property=\"og:image:type\" content=\"image\/jpeg\" \/>\n<meta name=\"twitter:card\" content=\"summary_large_image\" \/>\n<meta name=\"twitter:label1\" content=\"Dur\u00e9e de lecture estim\u00e9e\" \/>\n\t<meta name=\"twitter:data1\" content=\"1 minute\" \/>\n<script type=\"application\/ld+json\" class=\"yoast-schema-graph\">{\"@context\":\"https:\\\/\\\/schema.org\",\"@graph\":[{\"@type\":\"WebPage\",\"@id\":\"https:\\\/\\\/www.loccasioncafe.com\\\/?product=atelier-peinture-sur-ceramique-brunch-dimanche-31-mai-10h30\",\"url\":\"https:\\\/\\\/www.loccasioncafe.com\\\/?product=atelier-peinture-sur-ceramique-brunch-dimanche-31-mai-10h30\",\"name\":\"Atelier peinture sur c\u00e9ramique & Brunch - Dimanche 31 mai - 10h30 - L&#039;Occasion Caf\u00e9\",\"isPartOf\":{\"@id\":\"https:\\\/\\\/www.loccasioncafe.com\\\/#website\"},\"primaryImageOfPage\":{\"@id\":\"https:\\\/\\\/www.loccasioncafe.com\\\/?product=atelier-peinture-sur-ceramique-brunch-dimanche-31-mai-10h30#primaryimage\"},\"image\":{\"@id\":\"https:\\\/\\\/www.loccasioncafe.com\\\/?product=atelier-peinture-sur-ceramique-brunch-dimanche-31-mai-10h30#primaryimage\"},\"thumbnailUrl\":\"https:\\\/\\\/www.loccasioncafe.com\\\/wp-content\\\/uploads\\\/2026\\\/05\\\/CF0B3B96-AC09-4727-A21A-3F6DF4335CA2.jpg\",\"datePublished\":\"2026-05-07T08:25:14+00:00\",\"dateModified\":\"2026-05-07T11:08:28+00:00\",\"description\":\"Offrez (ou offrez-vous) un moment cr\u00e9atif et gourmand pour c\u00e9l\u00e9brer la f\u00eate des m\u00e8res !\",\"breadcrumb\":{\"@id\":\"https:\\\/\\\/www.loccasioncafe.com\\\/?product=atelier-peinture-sur-ceramique-brunch-dimanche-31-mai-10h30#breadcrumb\"},\"inLanguage\":\"fr-FR\",\"potentialAction\":[{\"@type\":\"ReadAction\",\"target\":[\"https:\\\/\\\/www.loccasioncafe.com\\\/?product=atelier-peinture-sur-ceramique-brunch-dimanche-31-mai-10h30\"]}]},{\"@type\":\"ImageObject\",\"inLanguage\":\"fr-FR\",\"@id\":\"https:\\\/\\\/www.loccasioncafe.com\\\/?product=atelier-peinture-sur-ceramique-brunch-dimanche-31-mai-10h30#primaryimage\",\"url\":\"https:\\\/\\\/www.loccasioncafe.com\\\/wp-content\\\/uploads\\\/2026\\\/05\\\/CF0B3B96-AC09-4727-A21A-3F6DF4335CA2.jpg\",\"contentUrl\":\"https:\\\/\\\/www.loccasioncafe.com\\\/wp-content\\\/uploads\\\/2026\\\/05\\\/CF0B3B96-AC09-4727-A21A-3F6DF4335CA2.jpg\",\"width\":1023,\"height\":1537},{\"@type\":\"BreadcrumbList\",\"@id\":\"https:\\\/\\\/www.loccasioncafe.com\\\/?product=atelier-peinture-sur-ceramique-brunch-dimanche-31-mai-10h30#breadcrumb\",\"itemListElement\":[{\"@type\":\"ListItem\",\"position\":1,\"name\":\"Accueil\",\"item\":\"https:\\\/\\\/www.loccasioncafe.com\\\/?page_id=797&lang=fr\"},{\"@type\":\"ListItem\",\"position\":2,\"name\":\"Boutique\",\"item\":\"https:\\\/\\\/www.loccasioncafe.com\\\/?page_id=4492&lang=fr\"},{\"@type\":\"ListItem\",\"position\":3,\"name\":\"Atelier peinture sur c\u00e9ramique &#038; Brunch &#8211; Dimanche 31 mai &#8211; 10h30\"}]},{\"@type\":\"WebSite\",\"@id\":\"https:\\\/\\\/www.loccasioncafe.com\\\/#website\",\"url\":\"https:\\\/\\\/www.loccasioncafe.com\\\/\",\"name\":\"L&#039;Occasion Caf\u00e9\",\"description\":\"Coffee Shop et Bar \u00e0 Vins \u00e0 Reims\",\"publisher\":{\"@id\":\"https:\\\/\\\/www.loccasioncafe.com\\\/#organization\"},\"potentialAction\":[{\"@type\":\"SearchAction\",\"target\":{\"@type\":\"EntryPoint\",\"urlTemplate\":\"https:\\\/\\\/www.loccasioncafe.com\\\/?s={search_term_string}\"},\"query-input\":{\"@type\":\"PropertyValueSpecification\",\"valueRequired\":true,\"valueName\":\"search_term_string\"}}],\"inLanguage\":\"fr-FR\"},{\"@type\":\"Organization\",\"@id\":\"https:\\\/\\\/www.loccasioncafe.com\\\/#organization\",\"name\":\"L&#039;Occasion Caf\u00e9\",\"url\":\"https:\\\/\\\/www.loccasioncafe.com\\\/\",\"logo\":{\"@type\":\"ImageObject\",\"inLanguage\":\"fr-FR\",\"@id\":\"https:\\\/\\\/www.loccasioncafe.com\\\/#\\\/schema\\\/logo\\\/image\\\/\",\"url\":\"https:\\\/\\\/www.loccasioncafe.com\\\/wp-content\\\/uploads\\\/2022\\\/03\\\/logo-loccasion.png\",\"contentUrl\":\"https:\\\/\\\/www.loccasioncafe.com\\\/wp-content\\\/uploads\\\/2022\\\/03\\\/logo-loccasion.png\",\"width\":1562,\"height\":1327,\"caption\":\"L&#039;Occasion Caf\u00e9\"},\"image\":{\"@id\":\"https:\\\/\\\/www.loccasioncafe.com\\\/#\\\/schema\\\/logo\\\/image\\\/\"}}]}<\/script>\n<!-- \/ Yoast SEO plugin. -->","yoast_head_json":{"title":"Atelier peinture sur c\u00e9ramique & Brunch - Dimanche 31 mai - 10h30 - L&#039;Occasion Caf\u00e9","description":"Offrez (ou offrez-vous) un moment cr\u00e9atif et gourmand pour c\u00e9l\u00e9brer la f\u00eate des m\u00e8res !","robots":{"index":"index","follow":"follow","max-snippet":"max-snippet:-1","max-image-preview":"max-image-preview:large","max-video-preview":"max-video-preview:-1"},"canonical":"https:\/\/www.loccasioncafe.com\/?product=atelier-peinture-sur-ceramique-brunch-dimanche-31-mai-10h30","og_locale":"fr_FR","og_type":"article","og_title":"Atelier peinture sur c\u00e9ramique & Brunch - Dimanche 31 mai - 10h30 - L&#039;Occasion Caf\u00e9","og_description":"Offrez (ou offrez-vous) un moment cr\u00e9atif et gourmand pour c\u00e9l\u00e9brer la f\u00eate des m\u00e8res !","og_url":"https:\/\/www.loccasioncafe.com\/?product=atelier-peinture-sur-ceramique-brunch-dimanche-31-mai-10h30","og_site_name":"L&#039;Occasion Caf\u00e9","article_modified_time":"2026-05-07T11:08:28+00:00","og_image":[{"width":1023,"height":1537,"url":"https:\/\/www.loccasioncafe.com\/wp-content\/uploads\/2026\/05\/CF0B3B96-AC09-4727-A21A-3F6DF4335CA2.jpg","type":"image\/jpeg"}],"twitter_card":"summary_large_image","twitter_misc":{"Dur\u00e9e de lecture estim\u00e9e":"1 minute"},"schema":{"@context":"https:\/\/schema.org","@graph":[{"@type":"WebPage","@id":"https:\/\/www.loccasioncafe.com\/?product=atelier-peinture-sur-ceramique-brunch-dimanche-31-mai-10h30","url":"https:\/\/www.loccasioncafe.com\/?product=atelier-peinture-sur-ceramique-brunch-dimanche-31-mai-10h30","name":"Atelier peinture sur c\u00e9ramique & Brunch - Dimanche 31 mai - 10h30 - L&#039;Occasion Caf\u00e9","isPartOf":{"@id":"https:\/\/www.loccasioncafe.com\/#website"},"primaryImageOfPage":{"@id":"https:\/\/www.loccasioncafe.com\/?product=atelier-peinture-sur-ceramique-brunch-dimanche-31-mai-10h30#primaryimage"},"image":{"@id":"https:\/\/www.loccasioncafe.com\/?product=atelier-peinture-sur-ceramique-brunch-dimanche-31-mai-10h30#primaryimage"},"thumbnailUrl":"https:\/\/www.loccasioncafe.com\/wp-content\/uploads\/2026\/05\/CF0B3B96-AC09-4727-A21A-3F6DF4335CA2.jpg","datePublished":"2026-05-07T08:25:14+00:00","dateModified":"2026-05-07T11:08:28+00:00","description":"Offrez (ou offrez-vous) un moment cr\u00e9atif et gourmand pour c\u00e9l\u00e9brer la f\u00eate des m\u00e8res !","breadcrumb":{"@id":"https:\/\/www.loccasioncafe.com\/?product=atelier-peinture-sur-ceramique-brunch-dimanche-31-mai-10h30#breadcrumb"},"inLanguage":"fr-FR","potentialAction":[{"@type":"ReadAction","target":["https:\/\/www.loccasioncafe.com\/?product=atelier-peinture-sur-ceramique-brunch-dimanche-31-mai-10h30"]}]},{"@type":"ImageObject","inLanguage":"fr-FR","@id":"https:\/\/www.loccasioncafe.com\/?product=atelier-peinture-sur-ceramique-brunch-dimanche-31-mai-10h30#primaryimage","url":"https:\/\/www.loccasioncafe.com\/wp-content\/uploads\/2026\/05\/CF0B3B96-AC09-4727-A21A-3F6DF4335CA2.jpg","contentUrl":"https:\/\/www.loccasioncafe.com\/wp-content\/uploads\/2026\/05\/CF0B3B96-AC09-4727-A21A-3F6DF4335CA2.jpg","width":1023,"height":1537},{"@type":"BreadcrumbList","@id":"https:\/\/www.loccasioncafe.com\/?product=atelier-peinture-sur-ceramique-brunch-dimanche-31-mai-10h30#breadcrumb","itemListElement":[{"@type":"ListItem","position":1,"name":"Accueil","item":"https:\/\/www.loccasioncafe.com\/?page_id=797&lang=fr"},{"@type":"ListItem","position":2,"name":"Boutique","item":"https:\/\/www.loccasioncafe.com\/?page_id=4492&lang=fr"},{"@type":"ListItem","position":3,"name":"Atelier peinture sur c\u00e9ramique &#038; Brunch &#8211; Dimanche 31 mai &#8211; 10h30"}]},{"@type":"WebSite","@id":"https:\/\/www.loccasioncafe.com\/#website","url":"https:\/\/www.loccasioncafe.com\/","name":"L&#039;Occasion Caf\u00e9","description":"Coffee Shop et Bar \u00e0 Vins \u00e0 Reims","publisher":{"@id":"https:\/\/www.loccasioncafe.com\/#organization"},"potentialAction":[{"@type":"SearchAction","target":{"@type":"EntryPoint","urlTemplate":"https:\/\/www.loccasioncafe.com\/?s={search_term_string}"},"query-input":{"@type":"PropertyValueSpecification","valueRequired":true,"valueName":"search_term_string"}}],"inLanguage":"fr-FR"},{"@type":"Organization","@id":"https:\/\/www.loccasioncafe.com\/#organization","name":"L&#039;Occasion Caf\u00e9","url":"https:\/\/www.loccasioncafe.com\/","logo":{"@type":"ImageObject","inLanguage":"fr-FR","@id":"https:\/\/www.loccasioncafe.com\/#\/schema\/logo\/image\/","url":"https:\/\/www.loccasioncafe.com\/wp-content\/uploads\/2022\/03\/logo-loccasion.png","contentUrl":"https:\/\/www.loccasioncafe.com\/wp-content\/uploads\/2022\/03\/logo-loccasion.png","width":1562,"height":1327,"caption":"L&#039;Occasion Caf\u00e9"},"image":{"@id":"https:\/\/www.loccasioncafe.com\/#\/schema\/logo\/image\/"}}]}},"jetpack_sharing_enabled":true,"_links":{"self":[{"href":"https:\/\/www.loccasioncafe.com\/index.php?rest_route=\/wp\/v2\/product\/4936","targetHints":{"allow":["GET"]}}],"collection":[{"href":"https:\/\/www.loccasioncafe.com\/index.php?rest_route=\/wp\/v2\/product"}],"about":[{"href":"https:\/\/www.loccasioncafe.com\/index.php?rest_route=\/wp\/v2\/types\/product"}],"replies":[{"embeddable":true,"href":"https:\/\/www.loccasioncafe.com\/index.php?rest_route=%2Fwp%2Fv2%2Fcomments&post=4936"}],"wp:featuredmedia":[{"embeddable":true,"href":"https:\/\/www.loccasioncafe.com\/index.php?rest_route=\/wp\/v2\/media\/4939"}],"wp:attachment":[{"href":"https:\/\/www.loccasioncafe.com\/index.php?rest_route=%2Fwp%2Fv2%2Fmedia&parent=4936"}],"wp:term":[{"taxonomy":"product_brand","embeddable":true,"href":"https:\/\/www.loccasioncafe.com\/index.php?rest_route=%2Fwp%2Fv2%2Fproduct_brand&post=4936"},{"taxonomy":"product_cat","embeddable":true,"href":"https:\/\/www.loccasioncafe.com\/index.php?rest_route=%2Fwp%2Fv2%2Fproduct_cat&post=4936"},{"taxonomy":"product_tag","embeddable":true,"href":"https:\/\/www.loccasioncafe.com\/index.php?rest_route=%2Fwp%2Fv2%2Fproduct_tag&post=4936"}],"curies":[{"name":"wp","href":"https:\/\/api.w.org\/{rel}","templated":true}]}}